{"id":4192,"date":"2025-11-09T20:02:51","date_gmt":"2025-11-09T20:02:51","guid":{"rendered":"https:\/\/enfermeracreativa.com\/?post_type=product&#038;p=4192"},"modified":"2026-04-25T12:17:27","modified_gmt":"2026-04-25T12:17:27","slug":"calendario-anual-ideias-mes-a-mes-mental","status":"publish","type":"product","link":"https:\/\/enfermeracreativa.com\/es_es\/producto\/calendario-anual-ideias-mes-a-mes-mental\/","title":{"rendered":"Calend\u00e1rio estrat\u00e9gico anual para psicologos com ideias de publica\u00e7\u00f5es m\u00eas a m\u00eas"},"content":{"rendered":"<p data-path-to-node=\"7\"><b data-path-to-node=\"7\" data-index-in-node=\"0\">Acede HOJE ao calend\u00e1rio estrat\u00e9gico anual e consegue:<\/b><\/p>\n<ul data-path-to-node=\"8\">\n<li>\n<p data-path-to-node=\"8,0,0\"><b data-path-to-node=\"8,0,0\" data-index-in-node=\"0\">12 MESES DE ESTRAT\u00c9GIA PARA PSIC\u00d3LOGOS:<\/b> Acabou-se o stress do \u00abo que publicar hoje?\u00bb. Ter\u00e1s um roteiro claro para cada m\u00eas do ano, desenhado exclusivamente para profissionais de psicologia.<\/p>\n<\/li>\n<li>\n<p data-path-to-node=\"8,1,0\"><b data-path-to-node=\"8,1,0\" data-index-in-node=\"0\">CONTE\u00daDO DE ALTO IMPACTO:<\/b> Desenhado especificamente por especialistas para converter seguidores em pacientes reais.<\/p>\n<\/li>\n<li>\n<p data-path-to-node=\"8,2,0\"><b data-path-to-node=\"8,2,0\" data-index-in-node=\"0\">TRANQUILIDADE ABSOLUTA:<\/b> Recupera mais de 10 horas por m\u00eas que hoje perdes a tentar adivinhar o que dizer.<\/p>\n<\/li>\n<li>\n<p data-path-to-node=\"8,3,0\"><b data-path-to-node=\"8,3,0\" data-index-in-node=\"0\">TEMPO E LIBERDADE:<\/b> Com este calend\u00e1rio, n\u00e3o est\u00e1s apenas a comprar ideias: est\u00e1s a comprar a liberdade de te focares nas tuas consultas.<\/p>\n<\/li>\n<li>\n<p data-path-to-node=\"8,4,0\"><b data-path-to-node=\"8,4,0\" data-index-in-node=\"0\">F\u00c1CIL DE USAR:<\/b> N\u00e3o percas tempo; basta copiar a ideia, adaptar ao teu estilo e publicar.<\/p>\n<\/li>\n<\/ul>\n<p data-path-to-node=\"9\"><em><b data-path-to-node=\"9\" data-index-in-node=\"0\">Aproveita o pre\u00e7o atual antes que a atualiza\u00e7\u00e3o de temporada suba o seu valor.<\/b><\/em><\/p>\n","protected":false},"excerpt":{"rendered":"<p>Acede HOJE ao calend\u00e1rio estrat\u00e9gico anual e consegue: 12 MESES DE ESTRAT\u00c9GIA PARA PSIC\u00d3LOGOS: Acabou-se o stress do \u00abo que publicar hoje?\u00bb. Ter\u00e1s um roteiro claro para cada m\u00eas do ano, desenhado exclusivamente para profissionais de psicologia. CONTE\u00daDO DE ALTO IMPACTO: Desenhado especificamente por especialistas para converter seguidores em pacientes reais. TRANQUILIDADE ABSOLUTA: Recupera mais [&hellip;]<\/p>\n","protected":false},"featured_media":4195,"comment_status":"open","ping_status":"closed","template":"","meta":[],"product_brand":[],"product_cat":[64],"product_tag":[],"class_list":{"0":"post-4192","1":"product","2":"type-product","3":"status-publish","4":"has-post-thumbnail","6":"product_cat-recursos-digitales-portugues","8":"first","9":"instock","10":"downloadable","11":"virtual","12":"taxable","13":"purchasable","14":"product-type-simple"},"_links":{"self":[{"href":"https:\/\/enfermeracreativa.com\/es_es\/wp-json\/wp\/v2\/product\/4192","targetHints":{"allow":["GET"]}}],"collection":[{"href":"https:\/\/enfermeracreativa.com\/es_es\/wp-json\/wp\/v2\/product"}],"about":[{"href":"https:\/\/enfermeracreativa.com\/es_es\/wp-json\/wp\/v2\/types\/product"}],"replies":[{"embeddable":true,"href":"https:\/\/enfermeracreativa.com\/es_es\/wp-json\/wp\/v2\/comments?post=4192"}],"wp:featuredmedia":[{"embeddable":true,"href":"https:\/\/enfermeracreativa.com\/es_es\/wp-json\/wp\/v2\/media\/4195"}],"wp:attachment":[{"href":"https:\/\/enfermeracreativa.com\/es_es\/wp-json\/wp\/v2\/media?parent=4192"}],"wp:term":[{"taxonomy":"product_brand","embeddable":true,"href":"https:\/\/enfermeracreativa.com\/es_es\/wp-json\/wp\/v2\/product_brand?post=4192"},{"taxonomy":"product_cat","embeddable":true,"href":"https:\/\/enfermeracreativa.com\/es_es\/wp-json\/wp\/v2\/product_cat?post=4192"},{"taxonomy":"product_tag","embeddable":true,"href":"https:\/\/enfermeracreativa.com\/es_es\/wp-json\/wp\/v2\/product_tag?post=4192"}],"curies":[{"name":"wp","href":"https:\/\/api.w.org\/{rel}","templated":true}]}}