{"id":1480,"date":"2025-05-17T23:09:15","date_gmt":"2025-05-17T23:09:15","guid":{"rendered":"https:\/\/enfermeracreativa.com\/?post_type=product&#038;p=1480"},"modified":"2026-04-25T11:25:34","modified_gmt":"2026-04-25T11:25:34","slug":"calendario-estrategico-anual-psicologos-con-todas-las-ideas-de-publicaciones-mes-a-mes","status":"publish","type":"product","link":"https:\/\/enfermeracreativa.com\/es_es\/producto\/calendario-estrategico-anual-psicologos-con-todas-las-ideas-de-publicaciones-mes-a-mes\/","title":{"rendered":"Calendario estrat\u00e9gico anual para psicologos con todas las ideas de publicaciones mes a mes"},"content":{"rendered":"<p data-path-to-node=\"0\"><b data-path-to-node=\"2\" data-index-in-node=\"0\">Accede HOY al calendario estrat\u00e9gico anual y consigue:<\/b><\/p>\n<ul data-path-to-node=\"3\">\n<li>\n<p data-path-to-node=\"3,0,0\"><b data-path-to-node=\"3,0,0\" data-index-in-node=\"0\">12 MESES DE ESTRATEGIA PARA PSIC\u00d3LOGOS<\/b> Se acab\u00f3 el estr\u00e9s de \u00ab\u00bfqu\u00e9 publico hoy?\u00bb. Tendr\u00e1s una hoja de ruta clara para cada mes del a\u00f1o dise\u00f1ada exclusivamente para profesionales de la psicolog\u00eda.<\/p>\n<\/li>\n<li>\n<p data-path-to-node=\"3,1,0\"><b data-path-to-node=\"3,1,0\" data-index-in-node=\"0\">CONTENIDO DE ALTO IMPACTO:<\/b> Dise\u00f1ado espec\u00edficamente por expertos para convertir seguidores en pacientes reales.<\/p>\n<\/li>\n<li>\n<p data-path-to-node=\"3,2,0\"><b data-path-to-node=\"3,2,0\" data-index-in-node=\"0\">TRANQUILIDAD ABSOLUTA:<\/b> Recupera m\u00e1s de 10 horas al mes que hoy pierdes intentando adivinar qu\u00e9 decir.<\/p>\n<\/li>\n<li>\n<p data-path-to-node=\"3,3,0\"><b data-path-to-node=\"3,3,0\" data-index-in-node=\"0\">TIEMPO Y LIBERTAD:<\/b> Con este calendario, no solo compras ideas: compras la libertad de enfocarte en tus consultas.<\/p>\n<\/li>\n<li>\n<p data-path-to-node=\"3,4,0\"><b data-path-to-node=\"3,4,0\" data-index-in-node=\"0\">F\u00c1CIL DE USAR:<\/b> No pierdas tiempo; solo copia la idea, adapta a tu estilo y publica.<\/p>\n<\/li>\n<\/ul>\n<p><strong><em>Aprovecha el precio actual antes de que la actualizaci\u00f3n de temporada suba su valor.<\/em><\/strong><\/p>\n","protected":false},"excerpt":{"rendered":"<p>Accede HOY al calendario estrat\u00e9gico anual y consigue: 12 MESES DE ESTRATEGIA PARA PSIC\u00d3LOGOS Se acab\u00f3 el estr\u00e9s de \u00ab\u00bfqu\u00e9 publico hoy?\u00bb. Tendr\u00e1s una hoja de ruta clara para cada mes del a\u00f1o dise\u00f1ada exclusivamente para profesionales de la psicolog\u00eda. CONTENIDO DE ALTO IMPACTO: Dise\u00f1ado espec\u00edficamente por expertos para convertir seguidores en pacientes reales. TRANQUILIDAD [&hellip;]<\/p>\n","protected":false},"featured_media":1481,"comment_status":"open","ping_status":"closed","template":"","meta":[],"product_brand":[],"product_cat":[25],"product_tag":[],"class_list":{"0":"post-1480","1":"product","2":"type-product","3":"status-publish","4":"has-post-thumbnail","6":"product_cat-recursos-digitales","8":"first","9":"instock","10":"downloadable","11":"virtual","12":"taxable","13":"purchasable","14":"product-type-simple"},"_links":{"self":[{"href":"https:\/\/enfermeracreativa.com\/es_es\/wp-json\/wp\/v2\/product\/1480","targetHints":{"allow":["GET"]}}],"collection":[{"href":"https:\/\/enfermeracreativa.com\/es_es\/wp-json\/wp\/v2\/product"}],"about":[{"href":"https:\/\/enfermeracreativa.com\/es_es\/wp-json\/wp\/v2\/types\/product"}],"replies":[{"embeddable":true,"href":"https:\/\/enfermeracreativa.com\/es_es\/wp-json\/wp\/v2\/comments?post=1480"}],"wp:featuredmedia":[{"embeddable":true,"href":"https:\/\/enfermeracreativa.com\/es_es\/wp-json\/wp\/v2\/media\/1481"}],"wp:attachment":[{"href":"https:\/\/enfermeracreativa.com\/es_es\/wp-json\/wp\/v2\/media?parent=1480"}],"wp:term":[{"taxonomy":"product_brand","embeddable":true,"href":"https:\/\/enfermeracreativa.com\/es_es\/wp-json\/wp\/v2\/product_brand?post=1480"},{"taxonomy":"product_cat","embeddable":true,"href":"https:\/\/enfermeracreativa.com\/es_es\/wp-json\/wp\/v2\/product_cat?post=1480"},{"taxonomy":"product_tag","embeddable":true,"href":"https:\/\/enfermeracreativa.com\/es_es\/wp-json\/wp\/v2\/product_tag?post=1480"}],"curies":[{"name":"wp","href":"https:\/\/api.w.org\/{rel}","templated":true}]}}