{"id":1453,"date":"2025-05-17T22:29:53","date_gmt":"2025-05-17T22:29:53","guid":{"rendered":"https:\/\/enfermeracreativa.com\/?post_type=product&#038;p=1453"},"modified":"2026-04-25T11:37:35","modified_gmt":"2026-04-25T11:37:35","slug":"1453","status":"publish","type":"product","link":"https:\/\/enfermeracreativa.com\/es_es\/producto\/1453\/","title":{"rendered":"Infograf\u00eda sobre los diferentes tipos de contenido"},"content":{"rendered":"<p data-path-to-node=\"4\"><b data-path-to-node=\"4\" data-index-in-node=\"0\">\u00bfNo sabes qu\u00e9 tipo de contenido publicar para destacar?<\/b><\/p>\n<p data-path-to-node=\"4\">El problema no es la falta de ideas, es la falta de un mapa.<\/p>\n<p data-path-to-node=\"5\"><b data-path-to-node=\"5\" data-index-in-node=\"0\">Con esta gu\u00eda visual en tus manos:<\/b><\/p>\n<ul data-path-to-node=\"6\">\n<li>\n<p data-path-to-node=\"6,0,0\"><b data-path-to-node=\"6,0,0\" data-index-in-node=\"0\">DOMINAR\u00c1S EL ALGORITMO:<\/b> Conoce qu\u00e9 formatos prefiere la plataforma para darte m\u00e1s visibilidad.<\/p>\n<\/li>\n<li>\n<p data-path-to-node=\"6,1,0\"><b data-path-to-node=\"6,1,0\" data-index-in-node=\"0\">AUTORIDAD INSTANT\u00c1NEA:<\/b> Selecciona el contenido que te posiciona como el experto que tus pacientes buscan.<\/p>\n<\/li>\n<li>\n<p data-path-to-node=\"6,2,0\"><b data-path-to-node=\"6,2,0\" data-index-in-node=\"0\">ESTRATEGIA SIN RELLENO:<\/b> Identifica qu\u00e9 publicaciones generan conexi\u00f3n real y cu\u00e1les solo te hacen perder el tiempo.<\/p>\n<\/li>\n<li>\n<p data-path-to-node=\"6,3,0\"><b data-path-to-node=\"6,3,0\" data-index-in-node=\"0\">CLARIDAD VISUAL:<\/b> Un recurso pr\u00e1ctico para consultar cada vez que vayas a dise\u00f1ar tu semana.<\/p>\n<\/li>\n<\/ul>\n<p data-path-to-node=\"7\"><b data-path-to-node=\"7\" data-index-in-node=\"0\">Toma el control de tu estrategia. Descarga la infograf\u00eda y deja de crear contenido que no convierte.<\/b><\/p>\n","protected":false},"excerpt":{"rendered":"<p>\u00bfNo sabes qu\u00e9 tipo de contenido publicar para destacar? El problema no es la falta de ideas, es la falta de un mapa. Con esta gu\u00eda visual en tus manos: DOMINAR\u00c1S EL ALGORITMO: Conoce qu\u00e9 formatos prefiere la plataforma para darte m\u00e1s visibilidad. AUTORIDAD INSTANT\u00c1NEA: Selecciona el contenido que te posiciona como el experto que [&hellip;]<\/p>\n","protected":false},"featured_media":1445,"comment_status":"open","ping_status":"closed","template":"","meta":[],"product_brand":[],"product_cat":[25],"product_tag":[],"class_list":{"0":"post-1453","1":"product","2":"type-product","3":"status-publish","4":"has-post-thumbnail","6":"product_cat-recursos-digitales","8":"first","9":"instock","10":"downloadable","11":"virtual","12":"taxable","13":"purchasable","14":"product-type-simple"},"_links":{"self":[{"href":"https:\/\/enfermeracreativa.com\/es_es\/wp-json\/wp\/v2\/product\/1453","targetHints":{"allow":["GET"]}}],"collection":[{"href":"https:\/\/enfermeracreativa.com\/es_es\/wp-json\/wp\/v2\/product"}],"about":[{"href":"https:\/\/enfermeracreativa.com\/es_es\/wp-json\/wp\/v2\/types\/product"}],"replies":[{"embeddable":true,"href":"https:\/\/enfermeracreativa.com\/es_es\/wp-json\/wp\/v2\/comments?post=1453"}],"wp:featuredmedia":[{"embeddable":true,"href":"https:\/\/enfermeracreativa.com\/es_es\/wp-json\/wp\/v2\/media\/1445"}],"wp:attachment":[{"href":"https:\/\/enfermeracreativa.com\/es_es\/wp-json\/wp\/v2\/media?parent=1453"}],"wp:term":[{"taxonomy":"product_brand","embeddable":true,"href":"https:\/\/enfermeracreativa.com\/es_es\/wp-json\/wp\/v2\/product_brand?post=1453"},{"taxonomy":"product_cat","embeddable":true,"href":"https:\/\/enfermeracreativa.com\/es_es\/wp-json\/wp\/v2\/product_cat?post=1453"},{"taxonomy":"product_tag","embeddable":true,"href":"https:\/\/enfermeracreativa.com\/es_es\/wp-json\/wp\/v2\/product_tag?post=1453"}],"curies":[{"name":"wp","href":"https:\/\/api.w.org\/{rel}","templated":true}]}}