{"id":168,"date":"2025-03-17T21:35:00","date_gmt":"2025-03-17T21:35:00","guid":{"rendered":"https:\/\/enfermeracreativa.com\/?page_id=168"},"modified":"2026-03-08T11:26:40","modified_gmt":"2026-03-08T11:26:40","slug":"sobre-mi","status":"publish","type":"page","link":"https:\/\/enfermeracreativa.com\/es_es\/sobre-mi\/","title":{"rendered":"Sobre m\u00ed"},"content":{"rendered":"\t\t<div data-elementor-type=\"wp-page\" data-elementor-id=\"168\" class=\"elementor elementor-168\" data-elementor-post-type=\"page\">\n\t\t\t\t<div class=\"elementor-element elementor-element-2856028b e-con-full e-flex e-con e-parent\" data-id=\"2856028b\" data-element_type=\"container\" data-e-type=\"container\" data-settings=\"{&quot;background_background&quot;:&quot;slideshow&quot;,&quot;background_slideshow_gallery&quot;:[{&quot;id&quot;:3008,&quot;url&quot;:&quot;https:\\\/\\\/enfermeracreativa.com\\\/wp-content\\\/uploads\\\/2025\\\/08\\\/fondoNubes.png&quot;}],&quot;background_slideshow_loop&quot;:&quot;yes&quot;,&quot;background_slideshow_slide_duration&quot;:5000,&quot;background_slideshow_slide_transition&quot;:&quot;fade&quot;,&quot;background_slideshow_transition_duration&quot;:500}\">\n\t\t<div class=\"elementor-element elementor-element-369d4be3 e-flex e-con-boxed e-con e-child\" data-id=\"369d4be3\" data-element_type=\"container\" data-e-type=\"container\" data-settings=\"{&quot;background_background&quot;:&quot;slideshow&quot;,&quot;background_slideshow_gallery&quot;:[],&quot;background_slideshow_loop&quot;:&quot;yes&quot;,&quot;background_slideshow_slide_duration&quot;:5000,&quot;background_slideshow_slide_transition&quot;:&quot;fade&quot;,&quot;background_slideshow_transition_duration&quot;:500}\">\n\t\t\t\t\t<div class=\"e-con-inner\">\n\t\t\t\t<div class=\"elementor-element elementor-element-24972ff1 elementor-widget elementor-widget-heading\" data-id=\"24972ff1\" data-element_type=\"widget\" data-e-type=\"widget\" data-widget_type=\"heading.default\">\n\t\t\t\t<div class=\"elementor-widget-container\">\n\t\t\t\t\t<h2 class=\"elementor-heading-title elementor-size-default\">Hola soy Ana Isabel<\/h2>\t\t\t\t<\/div>\n\t\t\t\t<\/div>\n\t\t\t\t<div class=\"elementor-element elementor-element-7f37e84d elementor-invisible elementor-widget elementor-widget-heading\" data-id=\"7f37e84d\" data-element_type=\"widget\" data-e-type=\"widget\" data-settings=\"{&quot;_animation&quot;:&quot;fadeInRight&quot;}\" data-widget_type=\"heading.default\">\n\t\t\t\t<div class=\"elementor-widget-container\">\n\t\t\t\t\t<h2 class=\"elementor-heading-title elementor-size-default\">Enfermera triling\u00fce y experta en dise\u00f1o de plantillas para sanitarios<\/h2>\t\t\t\t<\/div>\n\t\t\t\t<\/div>\n\t\t<div class=\"elementor-element elementor-element-142064c4 e-flex e-con-boxed e-con e-child\" data-id=\"142064c4\" data-element_type=\"container\" data-e-type=\"container\">\n\t\t\t\t\t<div class=\"e-con-inner\">\n\t\t<div class=\"elementor-element elementor-element-37aec69c e-con-full e-flex e-con e-child\" data-id=\"37aec69c\" data-element_type=\"container\" data-e-type=\"container\">\n\t\t<div class=\"elementor-element elementor-element-2f6fca92 e-con-full e-flex e-con e-child\" data-id=\"2f6fca92\" data-element_type=\"container\" data-e-type=\"container\" data-settings=\"{&quot;background_background&quot;:&quot;gradient&quot;}\">\n\t\t\t\t<div class=\"elementor-element elementor-element-695a2cb7 elementor-invisible elementor-widget elementor-widget-heading\" data-id=\"695a2cb7\" data-element_type=\"widget\" data-e-type=\"widget\" data-settings=\"{&quot;_animation&quot;:&quot;fadeInUp&quot;,&quot;_animation_delay&quot;:300}\" data-widget_type=\"heading.default\">\n\t\t\t\t<div class=\"elementor-widget-container\">\n\t\t\t\t\t<div class=\"elementor-heading-title elementor-size-default\">Soy una chica portuguesa, que decidi\u00f3 venir a vivir a Espa\u00f1a con tan solo 23 a\u00f1os y aprender de una nueva cultura.\n\n<\/div>\t\t\t\t<\/div>\n\t\t\t\t<\/div>\n\t\t\t\t<div class=\"elementor-element elementor-element-1fd651d8 elementor-invisible elementor-widget elementor-widget-heading\" data-id=\"1fd651d8\" data-element_type=\"widget\" data-e-type=\"widget\" data-settings=\"{&quot;_animation&quot;:&quot;fadeInUp&quot;,&quot;_animation_delay&quot;:300}\" data-widget_type=\"heading.default\">\n\t\t\t\t<div class=\"elementor-widget-container\">\n\t\t\t\t\t<div class=\"elementor-heading-title elementor-size-default\">Despu\u00e9s de 5 a\u00f1os viviendo en Barcelona me lanc\u00e9 en una nueva aventura y me fui a vivir a Inglaterra donde trabaj\u00e9 como enfermera instrumentista durante casi 5 a\u00f1os.\n\n<\/div>\t\t\t\t<\/div>\n\t\t\t\t<\/div>\n\t\t\t\t<div class=\"elementor-element elementor-element-7d7d39a6 elementor-invisible elementor-widget elementor-widget-heading\" data-id=\"7d7d39a6\" data-element_type=\"widget\" data-e-type=\"widget\" data-settings=\"{&quot;_animation&quot;:&quot;fadeInUp&quot;,&quot;_animation_delay&quot;:300}\" data-widget_type=\"heading.default\">\n\t\t\t\t<div class=\"elementor-widget-container\">\n\t\t\t\t\t<div class=\"elementor-heading-title elementor-size-default\">Regres\u00e9 a Barcelona en 2018 y empec\u00e9 a trabajar en el departamento m\u00e9dico de una empresa internacional de seguros de vida y salud.\n\n\n<\/div>\t\t\t\t<\/div>\n\t\t\t\t<\/div>\n\t\t\t\t<div class=\"elementor-element elementor-element-61085587 elementor-invisible elementor-widget elementor-widget-heading\" data-id=\"61085587\" data-element_type=\"widget\" data-e-type=\"widget\" data-settings=\"{&quot;_animation&quot;:&quot;fadeInUp&quot;,&quot;_animation_delay&quot;:300}\" data-widget_type=\"heading.default\">\n\t\t\t\t<div class=\"elementor-widget-container\">\n\t\t\t\t\t<div class=\"elementor-heading-title elementor-size-default\">Siempre he so\u00f1ado con un trabajo que me permitiera organizar mis horarios seg\u00fan mi conveniencia y viajar a Portugal a ver a mi familia sin necesitar un permiso.\n\n<\/div>\t\t\t\t<\/div>\n\t\t\t\t<\/div>\n\t\t\t\t<div class=\"elementor-element elementor-element-7997ac25 elementor-invisible elementor-widget elementor-widget-heading\" data-id=\"7997ac25\" data-element_type=\"widget\" data-e-type=\"widget\" data-settings=\"{&quot;_animation&quot;:&quot;fadeInUp&quot;,&quot;_animation_delay&quot;:300}\" data-widget_type=\"heading.default\">\n\t\t\t\t<div class=\"elementor-widget-container\">\n\t\t\t\t\t<div class=\"elementor-heading-title elementor-size-default\">Fue entonces cuando surgi\u00f3 la idea de ayudar a sanitarios a tener mejor presencia y mantener la constancia en sus redes sociales, obteniendo as\u00ed mayor reconocimiento e ingresos, mejorando tambi\u00e9n su calidad de vida.\n\n<\/div>\t\t\t\t<\/div>\n\t\t\t\t<\/div>\n\t\t\t\t<div class=\"elementor-element elementor-element-3d05c148 elementor-invisible elementor-widget elementor-widget-heading\" data-id=\"3d05c148\" data-element_type=\"widget\" data-e-type=\"widget\" data-settings=\"{&quot;_animation&quot;:&quot;fadeInUp&quot;,&quot;_animation_delay&quot;:300}\" data-widget_type=\"heading.default\">\n\t\t\t\t<div class=\"elementor-widget-container\">\n\t\t\t\t\t<div class=\"elementor-heading-title elementor-size-default\">Disfruto creando contenido de valor, atractivo y con prop\u00f3sito mientras ayudo a compa\u00f1eros a conseguir m\u00e1s visibilidad en redes y llenar sus agendas.<\/div>\t\t\t\t<\/div>\n\t\t\t\t<\/div>\n\t\t\t\t<\/div>\n\t\t\t\t<\/div>\n\t\t\t\t\t<\/div>\n\t\t\t\t<\/div>\n\t\t\t\t\t<\/div>\n\t\t\t\t<\/div>\n\t\t<div class=\"elementor-element elementor-element-6aa09c8b e-flex e-con-boxed e-con e-child\" data-id=\"6aa09c8b\" data-element_type=\"container\" data-e-type=\"container\">\n\t\t\t\t\t<div class=\"e-con-inner\">\n\t\t\t\t<div class=\"elementor-element elementor-element-43e2bd29 elementor-widget__width-inherit elementor-invisible elementor-widget elementor-widget-heading\" data-id=\"43e2bd29\" data-element_type=\"widget\" data-e-type=\"widget\" data-settings=\"{&quot;_animation&quot;:&quot;fadeInUp&quot;,&quot;_animation_delay&quot;:300}\" data-widget_type=\"heading.default\">\n\t\t\t\t<div class=\"elementor-widget-container\">\n\t\t\t\t\t<div class=\"elementor-heading-title elementor-size-default\">La mayor aventura que puedes vivir, es vivir la vida de tus sue\u00f1os <\/div>\t\t\t\t<\/div>\n\t\t\t\t<\/div>\n\t\t\t\t\t<\/div>\n\t\t\t\t<\/div>\n\t\t\t\t<\/div>\n\t\t<div class=\"elementor-element elementor-element-5c9213c e-con-full e-flex e-con e-parent\" data-id=\"5c9213c\" data-element_type=\"container\" data-e-type=\"container\" data-settings=\"{&quot;background_background&quot;:&quot;classic&quot;}\">\n\t\t<div class=\"elementor-element elementor-element-82067ca e-con-full e-flex e-con e-child\" data-id=\"82067ca\" data-element_type=\"container\" data-e-type=\"container\" data-settings=\"{&quot;background_background&quot;:&quot;classic&quot;}\">\n\t\t<div class=\"elementor-element elementor-element-f43c578 e-con-full e-flex e-con e-child\" data-id=\"f43c578\" data-element_type=\"container\" data-e-type=\"container\" data-settings=\"{&quot;background_background&quot;:&quot;classic&quot;}\">\n\t\t\t\t<div class=\"elementor-element elementor-element-d18eab4 elementor-invisible elementor-widget elementor-widget-heading\" data-id=\"d18eab4\" data-element_type=\"widget\" data-e-type=\"widget\" data-settings=\"{&quot;_animation&quot;:&quot;fadeInUp&quot;,&quot;_animation_delay&quot;:200}\" data-widget_type=\"heading.default\">\n\t\t\t\t<div class=\"elementor-widget-container\">\n\t\t\t\t\t<h1 class=\"elementor-heading-title elementor-size-default\">Me encanta viajar y aprender idiomas, por eso he viajado y vivido en varios pa\u00edses y hoy domino el Espa\u00f1ol e Ingl\u00e9s. \u00a1Y si no me he olvidado ya, mi idioma materno, el Portugu\u00e9s!\ud83d\ude09<\/h1>\t\t\t\t<\/div>\n\t\t\t\t<\/div>\n\t\t\t\t<\/div>\n\t\t<div class=\"elementor-element elementor-element-6e08889 e-con-full e-flex e-con e-child\" data-id=\"6e08889\" data-element_type=\"container\" data-e-type=\"container\" data-settings=\"{&quot;background_background&quot;:&quot;classic&quot;}\">\n\t\t\t\t<div class=\"elementor-element elementor-element-d9b730c elementor-invisible elementor-widget elementor-widget-heading\" data-id=\"d9b730c\" data-element_type=\"widget\" data-e-type=\"widget\" data-settings=\"{&quot;_animation&quot;:&quot;fadeInUp&quot;,&quot;_animation_delay&quot;:200}\" data-widget_type=\"heading.default\">\n\t\t\t\t<div class=\"elementor-widget-container\">\n\t\t\t\t\t<h1 class=\"elementor-heading-title elementor-size-default\">Soy una enamorada de la vida saludable, de los animales y la naturaleza. Me gusta la vida simple, leer un buen libro, salir a pasear por el bosque, hacer deporte, cocinar y bailar.<\/h1>\t\t\t\t<\/div>\n\t\t\t\t<\/div>\n\t\t\t\t<\/div>\n\t\t\t\t<\/div>\n\t\t\t\t<\/div>\n\t\t\t\t<\/div>\n\t\t","protected":false},"excerpt":{"rendered":"<p>Hola soy Ana Isabel Enfermera triling\u00fce y experta en dise\u00f1o de plantillas para sanitarios Soy una chica portuguesa, que decidi\u00f3 venir a vivir a Espa\u00f1a con tan solo 23 a\u00f1os y aprender de una nueva cultura. Despu\u00e9s de 5 a\u00f1os viviendo en Barcelona me lanc\u00e9 en una nueva aventura y me fui a vivir a [&hellip;]<\/p>\n","protected":false},"author":1,"featured_media":0,"parent":0,"menu_order":0,"comment_status":"closed","ping_status":"closed","template":"","meta":{"footnotes":""},"class_list":["post-168","page","type-page","status-publish","hentry"],"_links":{"self":[{"href":"https:\/\/enfermeracreativa.com\/es_es\/wp-json\/wp\/v2\/pages\/168","targetHints":{"allow":["GET"]}}],"collection":[{"href":"https:\/\/enfermeracreativa.com\/es_es\/wp-json\/wp\/v2\/pages"}],"about":[{"href":"https:\/\/enfermeracreativa.com\/es_es\/wp-json\/wp\/v2\/types\/page"}],"author":[{"embeddable":true,"href":"https:\/\/enfermeracreativa.com\/es_es\/wp-json\/wp\/v2\/users\/1"}],"replies":[{"embeddable":true,"href":"https:\/\/enfermeracreativa.com\/es_es\/wp-json\/wp\/v2\/comments?post=168"}],"version-history":[{"count":154,"href":"https:\/\/enfermeracreativa.com\/es_es\/wp-json\/wp\/v2\/pages\/168\/revisions"}],"predecessor-version":[{"id":6610,"href":"https:\/\/enfermeracreativa.com\/es_es\/wp-json\/wp\/v2\/pages\/168\/revisions\/6610"}],"wp:attachment":[{"href":"https:\/\/enfermeracreativa.com\/es_es\/wp-json\/wp\/v2\/media?parent=168"}],"curies":[{"name":"wp","href":"https:\/\/api.w.org\/{rel}","templated":true}]}}