{"id":4193,"date":"2025-11-09T20:03:09","date_gmt":"2025-11-09T20:03:09","guid":{"rendered":"https:\/\/enfermeracreativa.com\/?post_type=product&#038;p=4193"},"modified":"2026-04-25T12:21:19","modified_gmt":"2026-04-25T12:21:19","slug":"modelo-moodboard","status":"publish","type":"product","link":"https:\/\/enfermeracreativa.com\/en\/product\/modelo-moodboard\/","title":{"rendered":"Modelo de Moodboard"},"content":{"rendered":"<p data-path-to-node=\"16\">\u00c9 dif\u00edcil avan\u00e7ar quando n\u00e3o tens clareza sobre como queres ser visto. O Moodboard \u00e9 o espa\u00e7o criativo que precisas para materializar a ess\u00eancia do teu neg\u00f3cio e parar de divagar.<\/p>\n<p data-path-to-node=\"17\"><b data-path-to-node=\"17\" data-index-in-node=\"0\">Com o teu modelo de Moodboard consegues:<\/b><\/p>\n<ul data-path-to-node=\"18\">\n<li>\n<p data-path-to-node=\"18,0,0\"><b data-path-to-node=\"18,0,0\" data-index-in-node=\"0\">COER\u00caNCIA VISUAL:<\/b> Unifica cores, imagens e tipografias num s\u00f3 lugar para que a tua marca pare\u00e7a sempre profissional e alinhada.<\/p>\n<\/li>\n<li>\n<p data-path-to-node=\"18,1,0\"><b data-path-to-node=\"18,1,0\" data-index-in-node=\"0\">PERSONALIDADE DEFINIDA:<\/b> Plasma a ess\u00eancia do teu neg\u00f3cio de forma visual para que seja \u00fanica e facilmente reconhecida pelos teus pacientes.<\/p>\n<\/li>\n<li>\n<p data-path-to-node=\"18,2,0\"><b data-path-to-node=\"18,2,0\" data-index-in-node=\"0\">CLAREZA AO CRIAR:<\/b> Poupa tempo nos teus designs sabendo exatamente quais os elementos que representam o teu estilo, sem hesitar em cada publica\u00e7\u00e3o.<\/p>\n<\/li>\n<li>\n<p data-path-to-node=\"18,3,0\"><b data-path-to-node=\"18,3,0\" data-index-in-node=\"0\">O TEU MAPA EST\u00c9TICO:<\/b> Um guia visual que servir\u00e1 de base para que todo o teu conte\u00fado respire a mesma harmonia e profissionalismo.<\/p>\n<\/li>\n<\/ul>\n<p data-path-to-node=\"19\"><b data-path-to-node=\"19\" data-index-in-node=\"0\">Para de dar voltas. Consegue o teu Moodboard e d\u00e1 vida \u00e0 personalidade da tua marca!<\/b><\/p>","protected":false},"excerpt":{"rendered":"<p>\u00c9 dif\u00edcil avan\u00e7ar quando n\u00e3o tens clareza sobre como queres ser visto. O Moodboard \u00e9 o espa\u00e7o criativo que precisas para materializar a ess\u00eancia do teu neg\u00f3cio e parar de divagar. Com o teu modelo de Moodboard consegues: COER\u00caNCIA VISUAL: Unifica cores, imagens e tipografias num s\u00f3 lugar para que a tua marca pare\u00e7a sempre [&hellip;]<\/p>\n","protected":false},"featured_media":4194,"comment_status":"open","ping_status":"closed","template":"","meta":[],"product_brand":[],"product_cat":[64],"product_tag":[],"class_list":{"0":"post-4193","1":"product","2":"type-product","3":"status-publish","4":"has-post-thumbnail","6":"product_cat-recursos-digitales-portugues","8":"first","9":"instock","10":"downloadable","11":"virtual","12":"taxable","13":"purchasable","14":"product-type-simple"},"_links":{"self":[{"href":"https:\/\/enfermeracreativa.com\/en\/wp-json\/wp\/v2\/product\/4193","targetHints":{"allow":["GET"]}}],"collection":[{"href":"https:\/\/enfermeracreativa.com\/en\/wp-json\/wp\/v2\/product"}],"about":[{"href":"https:\/\/enfermeracreativa.com\/en\/wp-json\/wp\/v2\/types\/product"}],"replies":[{"embeddable":true,"href":"https:\/\/enfermeracreativa.com\/en\/wp-json\/wp\/v2\/comments?post=4193"}],"wp:featuredmedia":[{"embeddable":true,"href":"https:\/\/enfermeracreativa.com\/en\/wp-json\/wp\/v2\/media\/4194"}],"wp:attachment":[{"href":"https:\/\/enfermeracreativa.com\/en\/wp-json\/wp\/v2\/media?parent=4193"}],"wp:term":[{"taxonomy":"product_brand","embeddable":true,"href":"https:\/\/enfermeracreativa.com\/en\/wp-json\/wp\/v2\/product_brand?post=4193"},{"taxonomy":"product_cat","embeddable":true,"href":"https:\/\/enfermeracreativa.com\/en\/wp-json\/wp\/v2\/product_cat?post=4193"},{"taxonomy":"product_tag","embeddable":true,"href":"https:\/\/enfermeracreativa.com\/en\/wp-json\/wp\/v2\/product_tag?post=4193"}],"curies":[{"name":"wp","href":"https:\/\/api.w.org\/{rel}","templated":true}]}}