{"id":4188,"date":"2025-11-09T19:57:42","date_gmt":"2025-11-09T19:57:42","guid":{"rendered":"https:\/\/enfermeracreativa.com\/?post_type=product&#038;p=4188"},"modified":"2026-04-25T12:17:39","modified_gmt":"2026-04-25T12:17:39","slug":"designs-propostas-stories-mental","status":"publish","type":"product","link":"https:\/\/enfermeracreativa.com\/en\/product\/designs-propostas-stories-mental\/","title":{"rendered":"Designs de propostas de stories + capas para destaques Sa\u00fade Mental"},"content":{"rendered":"<p data-path-to-node=\"13\"><b data-path-to-node=\"13\" data-index-in-node=\"0\">Sentes que as tuas hist\u00f3rias s\u00e3o um caos e os teus destaques n\u00e3o est\u00e3o como gostarias?<\/b> Com este pack de designs e capas \u00e9 muito f\u00e1cil:<\/p>\n<ul data-path-to-node=\"14\">\n<li>\n<p data-path-to-node=\"14,0,0\"><b data-path-to-node=\"14,0,0\" data-index-in-node=\"0\">EST\u00c9TICA PROFISSIONAL:<\/b> Esquece a desarruma\u00e7\u00e3o. D\u00e1 ao teu perfil uma identidade visual coerente com capas de destaques que transmitam confian\u00e7a aos teus pacientes desde o primeiro segundo.<\/p>\n<\/li>\n<li>\n<p data-path-to-node=\"14,1,0\"><b data-path-to-node=\"14,1,0\" data-index-in-node=\"0\">ADEUS AO BLOQUEIO:<\/b> Nunca mais fiques a pensar \u00abo que vou publicar agora?\u00bb. Ter\u00e1s ideias prontas a usar para que nunca te falte o que contar.<\/p>\n<\/li>\n<li>\n<p data-path-to-node=\"14,2,0\"><b data-path-to-node=\"14,2,0\" data-index-in-node=\"0\">MAIS TEMPO PARA TI:<\/b> Poupa energia com um sistema simples que faz com que publicar hist\u00f3rias seja a parte mais relaxada do teu dia.<\/p>\n<\/li>\n<li>\n<p data-path-to-node=\"14,3,0\"><b data-path-to-node=\"14,3,0\" data-index-in-node=\"0\">MARCA PESSOAL S\u00d3LIDA:<\/b> Transforma as tuas hist\u00f3rias numa ferramenta de venda, mostrando os teus servi\u00e7os de forma elegante e organizada.<\/p>\n<\/li>\n<\/ul>\n<p data-path-to-node=\"15\"><b data-path-to-node=\"15\" data-index-in-node=\"0\">P\u00f5e ordem no teu perfil. Compra o pack e desfruta de um perfil \u00fanico!<\/b><\/p>","protected":false},"excerpt":{"rendered":"<p>Sentes que as tuas hist\u00f3rias s\u00e3o um caos e os teus destaques n\u00e3o est\u00e3o como gostarias? Com este pack de designs e capas \u00e9 muito f\u00e1cil: EST\u00c9TICA PROFISSIONAL: Esquece a desarruma\u00e7\u00e3o. D\u00e1 ao teu perfil uma identidade visual coerente com capas de destaques que transmitam confian\u00e7a aos teus pacientes desde o primeiro segundo. ADEUS AO [&hellip;]<\/p>\n","protected":false},"featured_media":4148,"comment_status":"open","ping_status":"closed","template":"","meta":[],"product_brand":[],"product_cat":[64],"product_tag":[],"class_list":{"0":"post-4188","1":"product","2":"type-product","3":"status-publish","4":"has-post-thumbnail","6":"product_cat-recursos-digitales-portugues","8":"first","9":"instock","10":"downloadable","11":"virtual","12":"taxable","13":"purchasable","14":"product-type-simple"},"_links":{"self":[{"href":"https:\/\/enfermeracreativa.com\/en\/wp-json\/wp\/v2\/product\/4188","targetHints":{"allow":["GET"]}}],"collection":[{"href":"https:\/\/enfermeracreativa.com\/en\/wp-json\/wp\/v2\/product"}],"about":[{"href":"https:\/\/enfermeracreativa.com\/en\/wp-json\/wp\/v2\/types\/product"}],"replies":[{"embeddable":true,"href":"https:\/\/enfermeracreativa.com\/en\/wp-json\/wp\/v2\/comments?post=4188"}],"wp:featuredmedia":[{"embeddable":true,"href":"https:\/\/enfermeracreativa.com\/en\/wp-json\/wp\/v2\/media\/4148"}],"wp:attachment":[{"href":"https:\/\/enfermeracreativa.com\/en\/wp-json\/wp\/v2\/media?parent=4188"}],"wp:term":[{"taxonomy":"product_brand","embeddable":true,"href":"https:\/\/enfermeracreativa.com\/en\/wp-json\/wp\/v2\/product_brand?post=4188"},{"taxonomy":"product_cat","embeddable":true,"href":"https:\/\/enfermeracreativa.com\/en\/wp-json\/wp\/v2\/product_cat?post=4188"},{"taxonomy":"product_tag","embeddable":true,"href":"https:\/\/enfermeracreativa.com\/en\/wp-json\/wp\/v2\/product_tag?post=4188"}],"curies":[{"name":"wp","href":"https:\/\/api.w.org\/{rel}","templated":true}]}}