{"id":1479,"date":"2025-05-17T23:07:29","date_gmt":"2025-05-17T23:07:29","guid":{"rendered":"https:\/\/enfermeracreativa.com\/?post_type=product&#038;p=1479"},"modified":"2026-04-25T11:37:36","modified_gmt":"2026-04-25T11:37:36","slug":"plantilla-moodboard","status":"publish","type":"product","link":"https:\/\/enfermeracreativa.com\/en\/product\/plantilla-moodboard\/","title":{"rendered":"Plantilla Moodboard"},"content":{"rendered":"<p data-path-to-node=\"4\">Es dif\u00edcil avanzar cuando no tienes claro c\u00f3mo quieres que te vean. Esta plantilla es el espacio creativo que necesitas para aterrizar la esencia de tu negocio y dejar de divagar.<\/p>\n<p data-path-to-node=\"5\"><b data-path-to-node=\"5\" data-index-in-node=\"0\">Con tu Plantilla Moodboard consigues:<\/b><\/p>\n<ul data-path-to-node=\"6\">\n<li>\n<p data-path-to-node=\"6,0,0\"><b data-path-to-node=\"6,0,0\" data-index-in-node=\"0\">COHERENCIA VISUAL:<\/b> Unifica colores, im\u00e1genes y tipograf\u00edas en un solo lugar para que tu marca siempre se vea profesional y alineada.<\/p>\n<\/li>\n<li>\n<p data-path-to-node=\"6,1,0\"><b data-path-to-node=\"6,1,0\" data-index-in-node=\"0\">PERSONALIDAD DEFINIDA:<\/b> Plasma la esencia de tu negocio de forma visual para que sea \u00fanica y f\u00e1cil de reconocer por tus pacientes.<\/p>\n<\/li>\n<li>\n<p data-path-to-node=\"6,2,0\"><b data-path-to-node=\"6,2,0\" data-index-in-node=\"0\">CLARIDAD AL CREAR:<\/b> Ahorra tiempo en tus dise\u00f1os sabiendo exactamente qu\u00e9 elementos representan tu estilo, sin dudar en cada publicaci\u00f3n.<\/p>\n<\/li>\n<li>\n<p data-path-to-node=\"6,3,0\"><b data-path-to-node=\"6,3,0\" data-index-in-node=\"0\">TU MAPA EST\u00c9TICO:<\/b> Una gu\u00eda visual que te servir\u00e1 de base para que todo tu contenido respire la misma armon\u00eda y profesionalismo.<\/p>\n<\/li>\n<\/ul>\n<p data-path-to-node=\"7\"><b data-path-to-node=\"7\" data-index-in-node=\"0\">Deja de dar vueltas. \u00a1Consigue tu plantilla y dale vida a la personalidad de tu marca!<\/b><\/p>","protected":false},"excerpt":{"rendered":"<p>Es dif\u00edcil avanzar cuando no tienes claro c\u00f3mo quieres que te vean. Esta plantilla es el espacio creativo que necesitas para aterrizar la esencia de tu negocio y dejar de divagar. Con tu Plantilla Moodboard consigues: COHERENCIA VISUAL: Unifica colores, im\u00e1genes y tipograf\u00edas en un solo lugar para que tu marca siempre se vea profesional [&hellip;]<\/p>\n","protected":false},"featured_media":1482,"comment_status":"open","ping_status":"closed","template":"","meta":[],"product_brand":[],"product_cat":[25],"product_tag":[],"class_list":{"0":"post-1479","1":"product","2":"type-product","3":"status-publish","4":"has-post-thumbnail","6":"product_cat-recursos-digitales","8":"first","9":"instock","10":"downloadable","11":"virtual","12":"taxable","13":"purchasable","14":"product-type-simple"},"_links":{"self":[{"href":"https:\/\/enfermeracreativa.com\/en\/wp-json\/wp\/v2\/product\/1479","targetHints":{"allow":["GET"]}}],"collection":[{"href":"https:\/\/enfermeracreativa.com\/en\/wp-json\/wp\/v2\/product"}],"about":[{"href":"https:\/\/enfermeracreativa.com\/en\/wp-json\/wp\/v2\/types\/product"}],"replies":[{"embeddable":true,"href":"https:\/\/enfermeracreativa.com\/en\/wp-json\/wp\/v2\/comments?post=1479"}],"wp:featuredmedia":[{"embeddable":true,"href":"https:\/\/enfermeracreativa.com\/en\/wp-json\/wp\/v2\/media\/1482"}],"wp:attachment":[{"href":"https:\/\/enfermeracreativa.com\/en\/wp-json\/wp\/v2\/media?parent=1479"}],"wp:term":[{"taxonomy":"product_brand","embeddable":true,"href":"https:\/\/enfermeracreativa.com\/en\/wp-json\/wp\/v2\/product_brand?post=1479"},{"taxonomy":"product_cat","embeddable":true,"href":"https:\/\/enfermeracreativa.com\/en\/wp-json\/wp\/v2\/product_cat?post=1479"},{"taxonomy":"product_tag","embeddable":true,"href":"https:\/\/enfermeracreativa.com\/en\/wp-json\/wp\/v2\/product_tag?post=1479"}],"curies":[{"name":"wp","href":"https:\/\/api.w.org\/{rel}","templated":true}]}}