{"id":1347,"date":"2025-05-14T13:13:49","date_gmt":"2025-05-14T13:13:49","guid":{"rendered":"https:\/\/enfermeracreativa.com\/?post_type=product&#038;p=1347"},"modified":"2026-04-25T13:41:05","modified_gmt":"2026-04-25T13:41:05","slug":"ebook-como-optimizar-biografia-de-ig","status":"publish","type":"product","link":"https:\/\/enfermeracreativa.com\/en\/product\/ebook-como-optimizar-biografia-de-ig\/","title":{"rendered":"Ebook c\u00f3mo optimizar biograf\u00eda de IG\u200b"},"content":{"rendered":"<p data-path-to-node=\"0\"><b data-path-to-node=\"3\" data-index-in-node=\"0\">\u00bfTu biograf\u00eda de Instagram atrae pacientes o los confunde?<\/b><\/p>\n<p data-path-to-node=\"4\">Deja de ser un perfil m\u00e1s y convi\u00e9rtete en la opci\u00f3n obvia para tu audiencia.<\/p>\n<h3 data-path-to-node=\"5\"><b data-path-to-node=\"5\" data-index-in-node=\"0\">Accede HOY a este Ebook y consigue:<\/b><\/h3>\n<ul data-path-to-node=\"6\">\n<li>\n<p data-path-to-node=\"6,0,0\"><b data-path-to-node=\"6,0,0\" data-index-in-node=\"0\">PERFIL MAGN\u00c9TICO EN MINUTOS:<\/b> Aprende a estructurar tu biograf\u00eda para que los visitantes entiendan qu\u00e9 haces y por qu\u00e9 deben elegirte a ti en menos de 3 segundos.<\/p>\n<\/li>\n<li>\n<p data-path-to-node=\"6,1,0\"><b data-path-to-node=\"6,1,0\" data-index-in-node=\"0\">PALABRAS CLAVE ESTRAT\u00c9GICAS:<\/b> Descubre c\u00f3mo usar los t\u00e9rminos exactos para que el buscador de Instagram te muestre a las personas que realmente necesitan tus servicios.<\/p>\n<\/li>\n<li>\n<p data-path-to-node=\"6,2,0\"><b data-path-to-node=\"6,2,0\" data-index-in-node=\"0\">PROPUESTA DE VALOR IRRESISTIBLE:<\/b> Deja de poner t\u00edtulos gen\u00e9ricos. Aprende a redactar una promesa que destaque tu autoridad y profesionalismo.<\/p>\n<\/li>\n<li>\n<p data-path-to-node=\"6,3,0\"><b data-path-to-node=\"6,3,0\" data-index-in-node=\"0\">CONVERSI\u00d3N REAL:<\/b> No solo consigas seguidores. Transforma esas visitas en clics directos a tu agenda de citas o sitio web.<\/p>\n<\/li>\n<\/ul>\n<h3 data-path-to-node=\"6,3,0\"><strong>Sin teor\u00eda aburrida. Una gu\u00eda pr\u00e1ctica donde solo tienes que seguir los pasos y transformar tu perfil. No te lo pierdas.\u00a0<\/strong><\/h3>","protected":false},"excerpt":{"rendered":"<p>\u00bfTu biograf\u00eda de Instagram atrae pacientes o los confunde? Deja de ser un perfil m\u00e1s y convi\u00e9rtete en la opci\u00f3n obvia para tu audiencia. Accede HOY a este Ebook y consigue: PERFIL MAGN\u00c9TICO EN MINUTOS: Aprende a estructurar tu biograf\u00eda para que los visitantes entiendan qu\u00e9 haces y por qu\u00e9 deben elegirte a ti en [&hellip;]<\/p>\n","protected":false},"featured_media":1241,"comment_status":"open","ping_status":"closed","template":"","meta":[],"product_brand":[],"product_cat":[25],"product_tag":[],"class_list":{"0":"post-1347","1":"product","2":"type-product","3":"status-publish","4":"has-post-thumbnail","6":"product_cat-recursos-digitales","8":"first","9":"instock","10":"downloadable","11":"virtual","12":"taxable","13":"purchasable","14":"product-type-simple"},"_links":{"self":[{"href":"https:\/\/enfermeracreativa.com\/en\/wp-json\/wp\/v2\/product\/1347","targetHints":{"allow":["GET"]}}],"collection":[{"href":"https:\/\/enfermeracreativa.com\/en\/wp-json\/wp\/v2\/product"}],"about":[{"href":"https:\/\/enfermeracreativa.com\/en\/wp-json\/wp\/v2\/types\/product"}],"replies":[{"embeddable":true,"href":"https:\/\/enfermeracreativa.com\/en\/wp-json\/wp\/v2\/comments?post=1347"}],"wp:featuredmedia":[{"embeddable":true,"href":"https:\/\/enfermeracreativa.com\/en\/wp-json\/wp\/v2\/media\/1241"}],"wp:attachment":[{"href":"https:\/\/enfermeracreativa.com\/en\/wp-json\/wp\/v2\/media?parent=1347"}],"wp:term":[{"taxonomy":"product_brand","embeddable":true,"href":"https:\/\/enfermeracreativa.com\/en\/wp-json\/wp\/v2\/product_brand?post=1347"},{"taxonomy":"product_cat","embeddable":true,"href":"https:\/\/enfermeracreativa.com\/en\/wp-json\/wp\/v2\/product_cat?post=1347"},{"taxonomy":"product_tag","embeddable":true,"href":"https:\/\/enfermeracreativa.com\/en\/wp-json\/wp\/v2\/product_tag?post=1347"}],"curies":[{"name":"wp","href":"https:\/\/api.w.org\/{rel}","templated":true}]}}